{"id":221,"date":"2020-10-05T14:17:00","date_gmt":"2020-10-05T14:17:00","guid":{"rendered":"https:\/\/fuxvisp.ch.copernicus.sui-inter.net\/?page_id=221"},"modified":"2023-03-17T15:50:43","modified_gmt":"2023-03-17T15:50:43","slug":"job-metallbaukonstrukteur","status":"publish","type":"page","link":"https:\/\/www.fuxvisp.ch\/de\/jobs\/job-metallbaukonstrukteur\/","title":{"rendered":"Metallbaukonstrukteur m\/w\/d EFZ"},"content":{"rendered":"\t\t<div data-elementor-type=\"wp-page\" data-elementor-id=\"221\" class=\"elementor elementor-221\" data-elementor-post-type=\"page\">\n\t\t\t\t\t\t<section class=\"elementor-section elementor-top-section elementor-element elementor-element-40ec8807 elementor-section-full_width elementor-section-stretched elementor-section-height-default elementor-section-height-default\" data-id=\"40ec8807\" data-element_type=\"section\" data-e-type=\"section\" data-settings=\"{&quot;background_background&quot;:&quot;classic&quot;,&quot;stretch_section&quot;:&quot;section-stretched&quot;}\">\n\t\t\t\t\t\t<div class=\"elementor-container elementor-column-gap-default\">\n\t\t\t\t\t<div class=\"elementor-column elementor-col-100 elementor-top-column elementor-element elementor-element-5846c8de\" data-id=\"5846c8de\" data-element_type=\"column\" data-e-type=\"column\">\n\t\t\t<div class=\"elementor-widget-wrap elementor-element-populated\">\n\t\t\t\t\t\t<section class=\"elementor-section elementor-inner-section elementor-element elementor-element-15b09e63 elementor-section-boxed elementor-section-height-default elementor-section-height-default\" data-id=\"15b09e63\" data-element_type=\"section\" data-e-type=\"section\">\n\t\t\t\t\t\t<div class=\"elementor-container elementor-column-gap-default\">\n\t\t\t\t\t<div class=\"elementor-column elementor-col-100 elementor-inner-column elementor-element elementor-element-a8b5fb8\" data-id=\"a8b5fb8\" data-element_type=\"column\" data-e-type=\"column\">\n\t\t\t<div class=\"elementor-widget-wrap elementor-element-populated\">\n\t\t\t\t\t\t<div class=\"elementor-element elementor-element-1e75b476 elementor-widget elementor-widget-heading\" data-id=\"1e75b476\" data-element_type=\"widget\" data-e-type=\"widget\" data-widget_type=\"heading.default\">\n\t\t\t\t<div class=\"elementor-widget-container\">\n\t\t\t\t\t<h2 class=\"elementor-heading-title elementor-size-default\">Wir suchen per sofort oder nach vereinbarung:<\/h2>\t\t\t\t<\/div>\n\t\t\t\t<\/div>\n\t\t\t\t<div class=\"elementor-element elementor-element-361460f9 elementor-widget elementor-widget-heading\" data-id=\"361460f9\" data-element_type=\"widget\" data-e-type=\"widget\" data-widget_type=\"heading.default\">\n\t\t\t\t<div class=\"elementor-widget-container\">\n\t\t\t\t\t<h2 class=\"elementor-heading-title elementor-size-default\">Metallbaukonstrukteur EFZ m\/w\/d 100%<\/h2>\t\t\t\t<\/div>\n\t\t\t\t<\/div>\n\t\t\t\t\t<\/div>\n\t\t<\/div>\n\t\t\t\t\t<\/div>\n\t\t<\/section>\n\t\t\t\t\t<\/div>\n\t\t<\/div>\n\t\t\t\t\t<\/div>\n\t\t<\/section>\n\t\t\t\t<section class=\"elementor-section elementor-top-section elementor-element elementor-element-22ea91cf elementor-section-full_width elementor-section-height-min-height elementor-section-items-bottom elementor-section-stretched elementor-section-height-default\" data-id=\"22ea91cf\" data-element_type=\"section\" data-e-type=\"section\" data-settings=\"{&quot;stretch_section&quot;:&quot;section-stretched&quot;,&quot;background_background&quot;:&quot;classic&quot;}\">\n\t\t\t\t\t\t<div class=\"elementor-container elementor-column-gap-default\">\n\t\t\t\t\t<div class=\"elementor-column elementor-col-100 elementor-top-column elementor-element elementor-element-c7a6f95\" data-id=\"c7a6f95\" data-element_type=\"column\" data-e-type=\"column\" data-settings=\"{&quot;background_background&quot;:&quot;classic&quot;}\">\n\t\t\t<div class=\"elementor-widget-wrap\">\n\t\t\t\t\t\t\t<\/div>\n\t\t<\/div>\n\t\t\t\t\t<\/div>\n\t\t<\/section>\n\t\t\t\t<section class=\"elementor-section elementor-top-section elementor-element elementor-element-21c37abb elementor-section-stretched elementor-section-boxed elementor-section-height-default elementor-section-height-default\" data-id=\"21c37abb\" data-element_type=\"section\" data-e-type=\"section\" id=\"produkte\" data-settings=\"{&quot;background_background&quot;:&quot;classic&quot;,&quot;stretch_section&quot;:&quot;section-stretched&quot;}\">\n\t\t\t\t\t\t\t<div class=\"elementor-background-overlay\"><\/div>\n\t\t\t\t\t\t\t<div class=\"elementor-container elementor-column-gap-default\">\n\t\t\t\t\t<div class=\"elementor-column elementor-col-100 elementor-top-column elementor-element elementor-element-77ade555\" data-id=\"77ade555\" data-element_type=\"column\" data-e-type=\"column\">\n\t\t\t<div class=\"elementor-widget-wrap elementor-element-populated\">\n\t\t\t\t\t\t<div class=\"elementor-element elementor-element-6eaf2a91 elementor-widget elementor-widget-text-editor\" data-id=\"6eaf2a91\" data-element_type=\"widget\" data-e-type=\"widget\" data-widget_type=\"text-editor.default\">\n\t\t\t\t<div class=\"elementor-widget-container\">\n\t\t\t\t\t\t\t\t\t<p><strong>Zu Deinem spannenden t\u00e4glichen Aufgabenbereich geh\u00f6ren Arbeiten wie:<\/strong><\/p><ul><li class=\"li1\"><span class=\"s2\">Selbst\u00e4ndiges planen betreuen von Kleinauftr\u00e4gen im Metall- und Fassadenbau<\/span><\/li><li class=\"li1\"><span class=\"s2\">Erstellen von Konstruktionspl\u00e4nen und Produktionsunterlagen<\/span><\/li><li class=\"li1\"><span class=\"s2\">Erarbeiten von wirtschaftlichen Detaill\u00f6sungen<\/span><\/li><li class=\"li1\"><span class=\"s2\">Anfragen und Bestellungen von Material bei nationalen und internationalen Lieferanten<\/span><\/li><li class=\"li1\"><span class=\"s2\">Technische Abkl\u00e4rungen mit Kunden, Architekten und Lieferanten<\/span><\/li><\/ul><p class=\"p1\"><span class=\"s1\">Die Planung umfasst: Einlesen in die Ausschreibung bzw. unser Angebot, Massaufnahmen vor Ort, Detailplanung, Werkstoffbeschaffung, Preisverhandlungen mit den Lieferanten, Ausf\u00fchrungsplanung f\u00fcr die Werkstatt und Montage, Bauabnahmen, Kostenkontrolle und Abrechnungen erstellen.<\/span><\/p><p class=\"p1\"><strong><span class=\"s1\">Bei wichtigen Entscheidungen unterst\u00fctzen wir dich! Du bist nicht auf dich allein gestellt!<\/span><\/strong><\/p>\t\t\t\t\t\t\t\t<\/div>\n\t\t\t\t<\/div>\n\t\t\t\t<div class=\"elementor-element elementor-element-63904a5 elementor-widget elementor-widget-text-editor\" data-id=\"63904a5\" data-element_type=\"widget\" data-e-type=\"widget\" data-widget_type=\"text-editor.default\">\n\t\t\t\t<div class=\"elementor-widget-container\">\n\t\t\t\t\t\t\t\t\t<p><strong>Anforderungen:<\/strong><\/p><ul><li class=\"li1\"><span class=\"s2\">Grundausbildung als Metallbaukonstrukteur EFZ<\/span><\/li><li class=\"li1\"><span class=\"s2\">Du zeichnest Dich aus durch unternehmerisches Denken und Handeln<\/span><\/li><li class=\"li1\"><span class=\"s2\">Du begegnest Kunden, Architekten und Lieferanten auf Augenh\u00f6he<\/span><\/li><li class=\"li1\"><span class=\"s2\">Du bist selbstst\u00e4ndig, belastbar, flexibel und motiviert<\/span><\/li><li class=\"li1\"><span class=\"s2\">Du bist ein Teamplayer und ein Macher(!)<\/span><\/li><\/ul>\t\t\t\t\t\t\t\t<\/div>\n\t\t\t\t<\/div>\n\t\t\t\t<div class=\"elementor-element elementor-element-8a5db2b elementor-widget elementor-widget-text-editor\" data-id=\"8a5db2b\" data-element_type=\"widget\" data-e-type=\"widget\" data-widget_type=\"text-editor.default\">\n\t\t\t\t<div class=\"elementor-widget-container\">\n\t\t\t\t\t\t\t\t\t<p class=\"p1\"><span class=\"s1\"><b>Wir bieten dir:<\/b><\/span><\/p><ul><li class=\"li1\"><span class=\"s2\">Auf Wunsch flexible Arbeitszeiten<\/span><\/li><li class=\"li1\"><span class=\"s2\">Ein junges, motiviertes Team<\/span><\/li><li class=\"li1\"><span class=\"s2\">Marktgerechte Entl\u00f6hnung<\/span><\/li><li class=\"li1\"><span class=\"s2\">Zeitgem\u00e4sse Infrastruktur<\/span><\/li><li class=\"li1\"><span class=\"s2\">Interessante Auftr\u00e4ge<\/span><\/li><li class=\"li1\"><span class=\"s2\">M\u00f6glichkeiten zur Weiterbildung<\/span><\/li><\/ul>\t\t\t\t\t\t\t\t<\/div>\n\t\t\t\t<\/div>\n\t\t\t\t\t<\/div>\n\t\t<\/div>\n\t\t\t\t\t<\/div>\n\t\t<\/section>\n\t\t\t\t<section class=\"elementor-section elementor-top-section elementor-element elementor-element-76216e2 elementor-section-stretched elementor-section-boxed elementor-section-height-default elementor-section-height-default\" data-id=\"76216e2\" data-element_type=\"section\" data-e-type=\"section\" data-settings=\"{&quot;stretch_section&quot;:&quot;section-stretched&quot;}\">\n\t\t\t\t\t\t<div class=\"elementor-container elementor-column-gap-default\">\n\t\t\t\t\t<div class=\"elementor-column elementor-col-100 elementor-top-column elementor-element elementor-element-950a270\" data-id=\"950a270\" data-element_type=\"column\" data-e-type=\"column\">\n\t\t\t<div class=\"elementor-widget-wrap elementor-element-populated\">\n\t\t\t\t\t\t<div class=\"elementor-element elementor-element-325a47a elementor-widget elementor-widget-text-editor\" data-id=\"325a47a\" data-element_type=\"widget\" data-e-type=\"widget\" data-widget_type=\"text-editor.default\">\n\t\t\t\t<div class=\"elementor-widget-container\">\n\t\t\t\t\t\t\t\t\t<p><br \/>Bock? Dann lass uns Deine Bewerbungsunterlagen per E-Mail oder per Post zukommen.<\/p><p>Wir freuen uns auf DICH!<\/p><p><strong>Fux Visp AG<br \/>Technik in Stahl, Aluminium und Glas<br \/><\/strong>Paulusheimstrasse 4<br \/>Postfach 188<br \/>3930 Visp<\/p><p><a href=\"m&#97;&#105;&#108;&#x74;&#x6f;&#x3a;in&#102;&#111;&#x40;&#x66;&#x75;&#x78;vi&#115;&#112;&#x2e;&#x63;&#x68;\">i&#110;&#102;&#x6f;&#x40;fu&#120;&#118;&#x69;&#x73;p&#46;&#99;&#104;<\/a><br \/><a href=\"http:\/\/www.fuxvisp.ch\/\">www.fuxvisp.ch<\/a><\/p>\t\t\t\t\t\t\t\t<\/div>\n\t\t\t\t<\/div>\n\t\t\t\t\t<\/div>\n\t\t<\/div>\n\t\t\t\t\t<\/div>\n\t\t<\/section>\n\t\t\t\t<\/div>\n\t\t","protected":false},"excerpt":{"rendered":"<p>Wir suchen per sofort oder nach vereinbarung: Metallbaukonstrukteur EFZ m\/w\/d 100% Zu Deinem spannenden t\u00e4glichen Aufgabenbereich geh\u00f6ren Arbeiten wie: Selbst\u00e4ndiges planen betreuen von Kleinauftr\u00e4gen im Metall- und Fassadenbau Erstellen von Konstruktionspl\u00e4nen und Produktionsunterlagen Erarbeiten von wirtschaftlichen Detaill\u00f6sungen Anfragen und Bestellungen von Material bei nationalen und internationalen Lieferanten Technische Abkl\u00e4rungen mit Kunden, Architekten und Lieferanten Die [&hellip;]<\/p>\n","protected":false},"author":1,"featured_media":0,"parent":37,"menu_order":0,"comment_status":"closed","ping_status":"closed","template":"elementor_header_footer","meta":{"ocean_post_layout":"","ocean_both_sidebars_style":"","ocean_both_sidebars_content_width":0,"ocean_both_sidebars_sidebars_width":0,"ocean_sidebar":"0","ocean_second_sidebar":"0","ocean_disable_margins":"enable","ocean_add_body_class":"","ocean_shortcode_before_top_bar":"","ocean_shortcode_after_top_bar":"","ocean_shortcode_before_header":"","ocean_shortcode_after_header":"","ocean_has_shortcode":"","ocean_shortcode_after_title":"","ocean_shortcode_before_footer_widgets":"","ocean_shortcode_after_footer_widgets":"","ocean_shortcode_before_footer_bottom":"","ocean_shortcode_after_footer_bottom":"","ocean_display_top_bar":"default","ocean_display_header":"default","ocean_header_style":"","ocean_center_header_left_menu":"0","ocean_custom_header_template":"0","ocean_custom_logo":0,"ocean_custom_retina_logo":0,"ocean_custom_logo_max_width":0,"ocean_custom_logo_tablet_max_width":0,"ocean_custom_logo_mobile_max_width":0,"ocean_custom_logo_max_height":0,"ocean_custom_logo_tablet_max_height":0,"ocean_custom_logo_mobile_max_height":0,"ocean_header_custom_menu":"0","ocean_menu_typo_font_family":"0","ocean_menu_typo_font_subset":"","ocean_menu_typo_font_size":0,"ocean_menu_typo_font_size_tablet":0,"ocean_menu_typo_font_size_mobile":0,"ocean_menu_typo_font_size_unit":"px","ocean_menu_typo_font_weight":"","ocean_menu_typo_font_weight_tablet":"","ocean_menu_typo_font_weight_mobile":"","ocean_menu_typo_transform":"","ocean_menu_typo_transform_tablet":"","ocean_menu_typo_transform_mobile":"","ocean_menu_typo_line_height":0,"ocean_menu_typo_line_height_tablet":0,"ocean_menu_typo_line_height_mobile":0,"ocean_menu_typo_line_height_unit":"","ocean_menu_typo_spacing":0,"ocean_menu_typo_spacing_tablet":0,"ocean_menu_typo_spacing_mobile":0,"ocean_menu_typo_spacing_unit":"","ocean_menu_link_color":"","ocean_menu_link_color_hover":"","ocean_menu_link_color_active":"","ocean_menu_link_background":"","ocean_menu_link_hover_background":"","ocean_menu_link_active_background":"","ocean_menu_social_links_bg":"","ocean_menu_social_hover_links_bg":"","ocean_menu_social_links_color":"","ocean_menu_social_hover_links_color":"","ocean_disable_title":"on","ocean_disable_heading":"default","ocean_post_title":"","ocean_post_subheading":"","ocean_post_title_style":"","ocean_post_title_background_color":"","ocean_post_title_background":0,"ocean_post_title_bg_image_position":"","ocean_post_title_bg_image_attachment":"","ocean_post_title_bg_image_repeat":"","ocean_post_title_bg_image_size":"","ocean_post_title_height":0,"ocean_post_title_bg_overlay":0.5,"ocean_post_title_bg_overlay_color":"","ocean_disable_breadcrumbs":"default","ocean_breadcrumbs_color":"","ocean_breadcrumbs_separator_color":"","ocean_breadcrumbs_links_color":"","ocean_breadcrumbs_links_hover_color":"","ocean_display_footer_widgets":"default","ocean_display_footer_bottom":"default","ocean_custom_footer_template":"0","footnotes":""},"class_list":["post-221","page","type-page","status-publish","hentry","entry"],"_links":{"self":[{"href":"https:\/\/www.fuxvisp.ch\/de\/wp-json\/wp\/v2\/pages\/221","targetHints":{"allow":["GET"]}}],"collection":[{"href":"https:\/\/www.fuxvisp.ch\/de\/wp-json\/wp\/v2\/pages"}],"about":[{"href":"https:\/\/www.fuxvisp.ch\/de\/wp-json\/wp\/v2\/types\/page"}],"author":[{"embeddable":true,"href":"https:\/\/www.fuxvisp.ch\/de\/wp-json\/wp\/v2\/users\/1"}],"replies":[{"embeddable":true,"href":"https:\/\/www.fuxvisp.ch\/de\/wp-json\/wp\/v2\/comments?post=221"}],"version-history":[{"count":33,"href":"https:\/\/www.fuxvisp.ch\/de\/wp-json\/wp\/v2\/pages\/221\/revisions"}],"predecessor-version":[{"id":1005,"href":"https:\/\/www.fuxvisp.ch\/de\/wp-json\/wp\/v2\/pages\/221\/revisions\/1005"}],"up":[{"embeddable":true,"href":"https:\/\/www.fuxvisp.ch\/de\/wp-json\/wp\/v2\/pages\/37"}],"wp:attachment":[{"href":"https:\/\/www.fuxvisp.ch\/de\/wp-json\/wp\/v2\/media?parent=221"}],"curies":[{"name":"wp","href":"https:\/\/api.w.org\/{rel}","templated":true}]}}