{"id":223,"date":"2020-10-05T14:17:36","date_gmt":"2020-10-05T14:17:36","guid":{"rendered":"https:\/\/fuxvisp.ch.copernicus.sui-inter.net\/?page_id=223"},"modified":"2023-03-17T15:50:28","modified_gmt":"2023-03-17T15:50:28","slug":"job-metallbauer-stahl","status":"publish","type":"page","link":"https:\/\/www.fuxvisp.ch\/fr\/jobs\/job-metallbauer-stahl\/","title":{"rendered":"Metallbaumonteur m\/w\/d"},"content":{"rendered":"<div data-elementor-type=\"wp-page\" data-elementor-id=\"223\" class=\"elementor elementor-223\" data-elementor-post-type=\"page\">\n\t\t\t\t\t\t<section class=\"elementor-section elementor-top-section elementor-element elementor-element-59223517 elementor-section-full_width elementor-section-stretched elementor-section-height-default elementor-section-height-default\" data-id=\"59223517\" data-element_type=\"section\" data-e-type=\"section\" data-settings=\"{&quot;background_background&quot;:&quot;classic&quot;,&quot;stretch_section&quot;:&quot;section-stretched&quot;}\">\n\t\t\t\t\t\t<div class=\"elementor-container elementor-column-gap-default\">\n\t\t\t\t\t<div class=\"elementor-column elementor-col-100 elementor-top-column elementor-element elementor-element-301a8b3c\" data-id=\"301a8b3c\" data-element_type=\"column\" data-e-type=\"column\">\n\t\t\t<div class=\"elementor-widget-wrap elementor-element-populated\">\n\t\t\t\t\t\t<section class=\"elementor-section elementor-inner-section elementor-element elementor-element-14390090 elementor-section-boxed elementor-section-height-default elementor-section-height-default\" data-id=\"14390090\" data-element_type=\"section\" data-e-type=\"section\">\n\t\t\t\t\t\t<div class=\"elementor-container elementor-column-gap-default\">\n\t\t\t\t\t<div class=\"elementor-column elementor-col-100 elementor-inner-column elementor-element elementor-element-66126c3b\" data-id=\"66126c3b\" data-element_type=\"column\" data-e-type=\"column\">\n\t\t\t<div class=\"elementor-widget-wrap elementor-element-populated\">\n\t\t\t\t\t\t<div class=\"elementor-element elementor-element-2945ba6e elementor-widget elementor-widget-heading\" data-id=\"2945ba6e\" data-element_type=\"widget\" data-e-type=\"widget\" data-widget_type=\"heading.default\">\n\t\t\t\t<div class=\"elementor-widget-container\">\n\t\t\t\t\t<h2 class=\"elementor-heading-title elementor-size-default\">NOUS CHERCHONS DE SUITE OU \u00c0 CONVENIR:<\/h2>\t\t\t\t<\/div>\n\t\t\t\t<\/div>\n\t\t\t\t<div class=\"elementor-element elementor-element-e6c53e4 elementor-widget elementor-widget-heading\" data-id=\"e6c53e4\" data-element_type=\"widget\" data-e-type=\"widget\" data-widget_type=\"heading.default\">\n\t\t\t\t<div class=\"elementor-widget-container\">\n\t\t\t\t\t<h2 class=\"elementor-heading-title elementor-size-default\">Metallbaumonteur EFZ  m\/w\/d <\/h2>\t\t\t\t<\/div>\n\t\t\t\t<\/div>\n\t\t\t\t\t<\/div>\n\t\t<\/div>\n\t\t\t\t\t<\/div>\n\t\t<\/section>\n\t\t\t\t\t<\/div>\n\t\t<\/div>\n\t\t\t\t\t<\/div>\n\t\t<\/section>\n\t\t\t\t<section class=\"elementor-section elementor-top-section elementor-element elementor-element-13a21dd2 elementor-section-full_width elementor-section-height-min-height elementor-section-items-bottom elementor-section-stretched elementor-section-height-default\" data-id=\"13a21dd2\" data-element_type=\"section\" data-e-type=\"section\" data-settings=\"{&quot;stretch_section&quot;:&quot;section-stretched&quot;,&quot;background_background&quot;:&quot;classic&quot;}\">\n\t\t\t\t\t\t<div class=\"elementor-container elementor-column-gap-default\">\n\t\t\t\t\t<div class=\"elementor-column elementor-col-100 elementor-top-column elementor-element elementor-element-617cfd7\" data-id=\"617cfd7\" data-element_type=\"column\" data-e-type=\"column\">\n\t\t\t<div class=\"elementor-widget-wrap\">\n\t\t\t\t\t\t\t<\/div>\n\t\t<\/div>\n\t\t\t\t\t<\/div>\n\t\t<\/section>\n\t\t\t\t<section class=\"elementor-section elementor-top-section elementor-element elementor-element-1393a978 elementor-section-stretched elementor-section-boxed elementor-section-height-default elementor-section-height-default\" data-id=\"1393a978\" data-element_type=\"section\" data-e-type=\"section\" id=\"produkte\" data-settings=\"{&quot;background_background&quot;:&quot;classic&quot;,&quot;stretch_section&quot;:&quot;section-stretched&quot;}\">\n\t\t\t\t\t\t\t<div class=\"elementor-background-overlay\"><\/div>\n\t\t\t\t\t\t\t<div class=\"elementor-container elementor-column-gap-default\">\n\t\t\t\t\t<div class=\"elementor-column elementor-col-100 elementor-top-column elementor-element elementor-element-255922e5\" data-id=\"255922e5\" data-element_type=\"column\" data-e-type=\"column\">\n\t\t\t<div class=\"elementor-widget-wrap elementor-element-populated\">\n\t\t\t\t\t\t<div class=\"elementor-element elementor-element-32a9f515 elementor-widget elementor-widget-text-editor\" data-id=\"32a9f515\" data-element_type=\"widget\" data-e-type=\"widget\" data-widget_type=\"text-editor.default\">\n\t\t\t\t<div class=\"elementor-widget-container\">\n\t\t\t\t\t\t\t\t\t<p><strong>Zu Deinem t\u00e4glichen Aufgaben geh\u00f6ren:<\/strong><\/p><ul><li>Monter de mani\u00e8re autonome des \u00e9l\u00e9ments de construction m\u00e9tallique de toutes sortes. Cela comprend les fen\u00eatres et les portes en acier et en aluminium, les fa\u00e7ades, les balustrades et les escaliers, les rev\u00eatements en t\u00f4le, l'ex\u00e9cution propre de joints et de films d'\u00e9tanch\u00e9it\u00e9, etc.<\/li><li>Lire et comprendre les plans et les dessins<\/li><li>Aider l'\u00e9quipe de l'atelier en cas de p\u00e9nurie<\/li><\/ul><p><strong>Nos exigences \u00e0 ton \u00e9gard sont les suivantes:<\/strong><\/p><ul><li>Apprentissage de constructeur m\u00e9tallique CFC termin\u00e9 obligatoirement<\/li><li>Einige Jahre Berufserfahrung von Vorteil<\/li><li>Travail autonome et propre selon le plan imp\u00e9ratif<\/li><li>Bonne capacit\u00e9 de repr\u00e9sentation spatiale, talent manuel<\/li><li>Motivation, responsabilit\u00e9 personnelle et fiabilit\u00e9 sont requises<\/li><li>Tu as l'esprit d'\u00e9quipe et tu es flexible<\/li><li>Tu es un homme d'action(!) et tu es ouvert \u00e0 donner un coup de main \u00e0 l'atelier, m\u00eame pour une courte dur\u00e9e, en cas de n\u00e9cessit\u00e9<\/li><\/ul>\t\t\t\t\t\t\t\t<\/div>\n\t\t\t\t<\/div>\n\t\t\t\t\t<\/div>\n\t\t<\/div>\n\t\t\t\t\t<\/div>\n\t\t<\/section>\n\t\t\t\t<section class=\"elementor-section elementor-top-section elementor-element elementor-element-bfe0d9e elementor-section-boxed elementor-section-height-default elementor-section-height-default\" data-id=\"bfe0d9e\" data-element_type=\"section\" data-e-type=\"section\">\n\t\t\t\t\t\t<div class=\"elementor-container elementor-column-gap-default\">\n\t\t\t\t\t<div class=\"elementor-column elementor-col-100 elementor-top-column elementor-element elementor-element-c9b7fd5\" data-id=\"c9b7fd5\" data-element_type=\"column\" data-e-type=\"column\">\n\t\t\t<div class=\"elementor-widget-wrap elementor-element-populated\">\n\t\t\t\t\t\t<div class=\"elementor-element elementor-element-37fa968 elementor-widget elementor-widget-text-editor\" data-id=\"37fa968\" data-element_type=\"widget\" data-e-type=\"widget\" data-widget_type=\"text-editor.default\">\n\t\t\t\t<div class=\"elementor-widget-container\">\n\t\t\t\t\t\t\t\t\t<p><br \/>Tu es int\u00e9ress\u00e9(e)? Alors fais-nous parvenir ton dossier de candidature par e-mail ou par courrier.<\/p><p>Nous nous r\u00e9jouissons de t'accueillir!<\/p><p><strong>Fux Visp AG<br \/>La Technique dans l\u2019acier, l\u2019aluminium et le verre<br \/><\/strong>Paulusheimstrasse 4<br \/>Postfach 188<br \/>3930 Visp<\/p><p><a href=\"\/fr\/&\/#x6d;a&#x69;&#108;&#x74;&#111;:&#x69;&#110;&#x66;&#111;&#64;&#x66;&#117;&#x78;&#118;i&#x73;p&#x2e;&#99;&#x68;\">&#105;&#x6e;f&#111;&#x40;f&#117;&#x78;v&#105;&#x73;p&#46;&#x63;h<\/a><br \/><a href=\"http:\/\/www.fuxvisp.ch\/fr\/\">www.fuxvisp.ch<\/a><\/p>\t\t\t\t\t\t\t\t<\/div>\n\t\t\t\t<\/div>\n\t\t\t\t\t<\/div>\n\t\t<\/div>\n\t\t\t\t\t<\/div>\n\t\t<\/section>\n\t\t\t\t<\/div>","protected":false},"excerpt":{"rendered":"<p>Wir suchen per sofort oder nach vereinbarung: Metallbaumonteur EFZ m\/w\/d Zu Deinem t\u00e4glichen Aufgaben geh\u00f6ren: Selbst\u00e4ndiges Montieren von Metallbauteilen aller Art. Dazu geh\u00f6ren Fenster und T\u00fcren aus Stahl und Aluminium, Fassaden, Gel\u00e4nder und Treppen, Blechverkleidungen, saubere Ausf\u00fchrung von Fugen- und Folienabdichtungen, u.v.m Pl\u00e4ne und Zeichnungen lesen und verstehen Bei Engpass im Werkstatt-Team mithelfen Unsere Anforderungen [&hellip;]<\/p>\n","protected":false},"author":1,"featured_media":0,"parent":37,"menu_order":0,"comment_status":"closed","ping_status":"closed","template":"elementor_header_footer","meta":{"ocean_post_layout":"","ocean_both_sidebars_style":"","ocean_both_sidebars_content_width":0,"ocean_both_sidebars_sidebars_width":0,"ocean_sidebar":"0","ocean_second_sidebar":"0","ocean_disable_margins":"enable","ocean_add_body_class":"","ocean_shortcode_before_top_bar":"","ocean_shortcode_after_top_bar":"","ocean_shortcode_before_header":"","ocean_shortcode_after_header":"","ocean_has_shortcode":"","ocean_shortcode_after_title":"","ocean_shortcode_before_footer_widgets":"","ocean_shortcode_after_footer_widgets":"","ocean_shortcode_before_footer_bottom":"","ocean_shortcode_after_footer_bottom":"","ocean_display_top_bar":"default","ocean_display_header":"default","ocean_header_style":"","ocean_center_header_left_menu":"0","ocean_custom_header_template":"0","ocean_custom_logo":0,"ocean_custom_retina_logo":0,"ocean_custom_logo_max_width":0,"ocean_custom_logo_tablet_max_width":0,"ocean_custom_logo_mobile_max_width":0,"ocean_custom_logo_max_height":0,"ocean_custom_logo_tablet_max_height":0,"ocean_custom_logo_mobile_max_height":0,"ocean_header_custom_menu":"0","ocean_menu_typo_font_family":"0","ocean_menu_typo_font_subset":"","ocean_menu_typo_font_size":0,"ocean_menu_typo_font_size_tablet":0,"ocean_menu_typo_font_size_mobile":0,"ocean_menu_typo_font_size_unit":"px","ocean_menu_typo_font_weight":"","ocean_menu_typo_font_weight_tablet":"","ocean_menu_typo_font_weight_mobile":"","ocean_menu_typo_transform":"","ocean_menu_typo_transform_tablet":"","ocean_menu_typo_transform_mobile":"","ocean_menu_typo_line_height":0,"ocean_menu_typo_line_height_tablet":0,"ocean_menu_typo_line_height_mobile":0,"ocean_menu_typo_line_height_unit":"","ocean_menu_typo_spacing":0,"ocean_menu_typo_spacing_tablet":0,"ocean_menu_typo_spacing_mobile":0,"ocean_menu_typo_spacing_unit":"","ocean_menu_link_color":"","ocean_menu_link_color_hover":"","ocean_menu_link_color_active":"","ocean_menu_link_background":"","ocean_menu_link_hover_background":"","ocean_menu_link_active_background":"","ocean_menu_social_links_bg":"","ocean_menu_social_hover_links_bg":"","ocean_menu_social_links_color":"","ocean_menu_social_hover_links_color":"","ocean_disable_title":"on","ocean_disable_heading":"default","ocean_post_title":"","ocean_post_subheading":"","ocean_post_title_style":"","ocean_post_title_background_color":"","ocean_post_title_background":0,"ocean_post_title_bg_image_position":"","ocean_post_title_bg_image_attachment":"","ocean_post_title_bg_image_repeat":"","ocean_post_title_bg_image_size":"","ocean_post_title_height":0,"ocean_post_title_bg_overlay":0.5,"ocean_post_title_bg_overlay_color":"","ocean_disable_breadcrumbs":"default","ocean_breadcrumbs_color":"","ocean_breadcrumbs_separator_color":"","ocean_breadcrumbs_links_color":"","ocean_breadcrumbs_links_hover_color":"","ocean_display_footer_widgets":"default","ocean_display_footer_bottom":"default","ocean_custom_footer_template":"0","footnotes":""},"class_list":["post-223","page","type-page","status-publish","hentry","entry"],"_links":{"self":[{"href":"https:\/\/www.fuxvisp.ch\/fr\/wp-json\/wp\/v2\/pages\/223","targetHints":{"allow":["GET"]}}],"collection":[{"href":"https:\/\/www.fuxvisp.ch\/fr\/wp-json\/wp\/v2\/pages"}],"about":[{"href":"https:\/\/www.fuxvisp.ch\/fr\/wp-json\/wp\/v2\/types\/page"}],"author":[{"embeddable":true,"href":"https:\/\/www.fuxvisp.ch\/fr\/wp-json\/wp\/v2\/users\/1"}],"replies":[{"embeddable":true,"href":"https:\/\/www.fuxvisp.ch\/fr\/wp-json\/wp\/v2\/comments?post=223"}],"version-history":[{"count":23,"href":"https:\/\/www.fuxvisp.ch\/fr\/wp-json\/wp\/v2\/pages\/223\/revisions"}],"predecessor-version":[{"id":1004,"href":"https:\/\/www.fuxvisp.ch\/fr\/wp-json\/wp\/v2\/pages\/223\/revisions\/1004"}],"up":[{"embeddable":true,"href":"https:\/\/www.fuxvisp.ch\/fr\/wp-json\/wp\/v2\/pages\/37"}],"wp:attachment":[{"href":"https:\/\/www.fuxvisp.ch\/fr\/wp-json\/wp\/v2\/media?parent=223"}],"curies":[{"name":"wp","href":"https:\/\/api.w.org\/{rel}","templated":true}]}}