{"id":640,"date":"2020-11-13T09:21:24","date_gmt":"2020-11-13T09:21:24","guid":{"rendered":"https:\/\/www.fuxvisp.ch\/?page_id=640"},"modified":"2023-03-17T15:49:57","modified_gmt":"2023-03-17T15:49:57","slug":"job-metallbau-monteur","status":"publish","type":"page","link":"https:\/\/www.fuxvisp.ch\/fr\/jobs\/job-metallbau-monteur\/","title":{"rendered":"Chefmonteur m\/w\/d 100%"},"content":{"rendered":"<div data-elementor-type=\"wp-page\" data-elementor-id=\"640\" class=\"elementor elementor-640\" data-elementor-post-type=\"page\">\n\t\t\t\t\t\t<section class=\"elementor-section elementor-top-section elementor-element elementor-element-654ec199 elementor-section-full_width elementor-section-stretched elementor-section-height-default elementor-section-height-default\" data-id=\"654ec199\" data-element_type=\"section\" data-e-type=\"section\" data-settings=\"{&quot;background_background&quot;:&quot;classic&quot;,&quot;stretch_section&quot;:&quot;section-stretched&quot;}\">\n\t\t\t\t\t\t<div class=\"elementor-container elementor-column-gap-default\">\n\t\t\t\t\t<div class=\"elementor-column elementor-col-100 elementor-top-column elementor-element elementor-element-681a5969\" data-id=\"681a5969\" data-element_type=\"column\" data-e-type=\"column\">\n\t\t\t<div class=\"elementor-widget-wrap elementor-element-populated\">\n\t\t\t\t\t\t<section class=\"elementor-section elementor-inner-section elementor-element elementor-element-7c5d361e elementor-section-boxed elementor-section-height-default elementor-section-height-default\" data-id=\"7c5d361e\" data-element_type=\"section\" data-e-type=\"section\">\n\t\t\t\t\t\t<div class=\"elementor-container elementor-column-gap-default\">\n\t\t\t\t\t<div class=\"elementor-column elementor-col-100 elementor-inner-column elementor-element elementor-element-64db5ef9\" data-id=\"64db5ef9\" data-element_type=\"column\" data-e-type=\"column\">\n\t\t\t<div class=\"elementor-widget-wrap elementor-element-populated\">\n\t\t\t\t\t\t<div class=\"elementor-element elementor-element-5920b971 elementor-widget elementor-widget-heading\" data-id=\"5920b971\" data-element_type=\"widget\" data-e-type=\"widget\" data-widget_type=\"heading.default\">\n\t\t\t\t<div class=\"elementor-widget-container\">\n\t\t\t\t\t<h2 class=\"elementor-heading-title elementor-size-default\">NOUS CHERCHONS DE SUITE OU \u00c0 CONVENIR:<\/h2>\t\t\t\t<\/div>\n\t\t\t\t<\/div>\n\t\t\t\t<div class=\"elementor-element elementor-element-4b83fd52 elementor-widget elementor-widget-heading\" data-id=\"4b83fd52\" data-element_type=\"widget\" data-e-type=\"widget\" data-widget_type=\"heading.default\">\n\t\t\t\t<div class=\"elementor-widget-container\">\n\t\t\t\t\t<h1 class=\"elementor-heading-title elementor-size-default\">Chefmonteur EFZ m\/w\/d 100%<\/h1>\t\t\t\t<\/div>\n\t\t\t\t<\/div>\n\t\t\t\t\t<\/div>\n\t\t<\/div>\n\t\t\t\t\t<\/div>\n\t\t<\/section>\n\t\t\t\t\t<\/div>\n\t\t<\/div>\n\t\t\t\t\t<\/div>\n\t\t<\/section>\n\t\t\t\t<section class=\"elementor-section elementor-top-section elementor-element elementor-element-2767d769 elementor-section-full_width elementor-section-height-min-height elementor-section-items-bottom elementor-section-stretched elementor-section-height-default\" data-id=\"2767d769\" data-element_type=\"section\" data-e-type=\"section\" data-settings=\"{&quot;stretch_section&quot;:&quot;section-stretched&quot;,&quot;background_background&quot;:&quot;classic&quot;}\">\n\t\t\t\t\t\t<div class=\"elementor-container elementor-column-gap-default\">\n\t\t\t\t\t<div class=\"elementor-column elementor-col-100 elementor-top-column elementor-element elementor-element-6e6ff7f0\" data-id=\"6e6ff7f0\" data-element_type=\"column\" data-e-type=\"column\" data-settings=\"{&quot;background_background&quot;:&quot;classic&quot;}\">\n\t\t\t<div class=\"elementor-widget-wrap\">\n\t\t\t\t\t\t\t<\/div>\n\t\t<\/div>\n\t\t\t\t\t<\/div>\n\t\t<\/section>\n\t\t\t\t<section class=\"elementor-section elementor-top-section elementor-element elementor-element-4fae2b27 elementor-section-stretched elementor-section-boxed elementor-section-height-default elementor-section-height-default\" data-id=\"4fae2b27\" data-element_type=\"section\" data-e-type=\"section\" id=\"produkte\" data-settings=\"{&quot;background_background&quot;:&quot;classic&quot;,&quot;stretch_section&quot;:&quot;section-stretched&quot;}\">\n\t\t\t\t\t\t\t<div class=\"elementor-background-overlay\"><\/div>\n\t\t\t\t\t\t\t<div class=\"elementor-container elementor-column-gap-default\">\n\t\t\t\t\t<div class=\"elementor-column elementor-col-100 elementor-top-column elementor-element elementor-element-1709e544\" data-id=\"1709e544\" data-element_type=\"column\" data-e-type=\"column\">\n\t\t\t<div class=\"elementor-widget-wrap elementor-element-populated\">\n\t\t\t\t\t\t<div class=\"elementor-element elementor-element-136fe1f3 elementor-widget elementor-widget-text-editor\" data-id=\"136fe1f3\" data-element_type=\"widget\" data-e-type=\"widget\" data-widget_type=\"text-editor.default\">\n\t\t\t\t<div class=\"elementor-widget-container\">\n\t\t\t\t\t\t\t\t\t<p><strong>Tes t\u00e2ches quotidiennes comprennent:<br \/><\/strong><\/p><ul><li class=\"li1\"><span class=\"s2\">Monter de mani\u00e8re autonome des \u00e9l\u00e9ments de construction m\u00e9tallique de toutes sortes. Cela comprend les fen\u00eatres et les portes en acier et en aluminium, les fa\u00e7ades, les balustrades et les escaliers, les rev\u00eatements en t\u00f4le, l'ex\u00e9cution propre de joints et de films d'\u00e9tanch\u00e9it\u00e9, etc.<\/span><\/li><li class=\"li1\"><span class=\"s2\">Tu diriges une \u00e9quipe de 2 \u00e0 5 monteurs<\/span><\/li><li class=\"li1\"><span class=\"s2\">Lire et comprendre les plans et les dessins<\/span><\/li><li class=\"li1\"><span class=\"s2\">Aider l'\u00e9quipe de l'atelier en cas de p\u00e9nurie<\/span><\/li><\/ul>\t\t\t\t\t\t\t\t<\/div>\n\t\t\t\t<\/div>\n\t\t\t\t<div class=\"elementor-element elementor-element-23bb54a elementor-widget elementor-widget-text-editor\" data-id=\"23bb54a\" data-element_type=\"widget\" data-e-type=\"widget\" data-widget_type=\"text-editor.default\">\n\t\t\t\t<div class=\"elementor-widget-container\">\n\t\t\t\t\t\t\t\t\t<p><strong>Nos exigences \u00e0 ton \u00e9gard sont les suivantes:<\/strong><\/p><ul><li>Apprentissage de constructeur m\u00e9tallique CFC termin\u00e9 obligatoirement<\/li><li>Quelques ann\u00e9es d'exp\u00e9rience professionnelle<\/li><li>Travail autonome et propre selon le plan imp\u00e9ratif<\/li><li>Bonne capacit\u00e9 de repr\u00e9sentation spatiale, talent manuel<\/li><li>Motivation, responsabilit\u00e9 personnelle et fiabilit\u00e9 sont requises<\/li><li>Tu as l'esprit d'\u00e9quipe et tu es flexible<\/li><li>Tu es un homme d'action(!) et tu es ouvert \u00e0 donner un coup de main \u00e0 l'atelier, m\u00eame pour une courte dur\u00e9e, en cas de n\u00e9cessit\u00e9<\/li><\/ul>\t\t\t\t\t\t\t\t<\/div>\n\t\t\t\t<\/div>\n\t\t\t\t\t<\/div>\n\t\t<\/div>\n\t\t\t\t\t<\/div>\n\t\t<\/section>\n\t\t\t\t<section class=\"elementor-section elementor-top-section elementor-element elementor-element-79aaaa2c elementor-section-stretched elementor-section-boxed elementor-section-height-default elementor-section-height-default\" data-id=\"79aaaa2c\" data-element_type=\"section\" data-e-type=\"section\" data-settings=\"{&quot;stretch_section&quot;:&quot;section-stretched&quot;}\">\n\t\t\t\t\t\t<div class=\"elementor-container elementor-column-gap-default\">\n\t\t\t\t\t<div class=\"elementor-column elementor-col-100 elementor-top-column elementor-element elementor-element-6eee318\" data-id=\"6eee318\" data-element_type=\"column\" data-e-type=\"column\">\n\t\t\t<div class=\"elementor-widget-wrap elementor-element-populated\">\n\t\t\t\t\t\t<div class=\"elementor-element elementor-element-61ae47b3 elementor-widget elementor-widget-text-editor\" data-id=\"61ae47b3\" data-element_type=\"widget\" data-e-type=\"widget\" data-widget_type=\"text-editor.default\">\n\t\t\t\t<div class=\"elementor-widget-container\">\n\t\t\t\t\t\t\t\t\t<p><br \/>Tu es int\u00e9ress\u00e9(e)? Alors fais-nous parvenir ton dossier de candidature par e-mail ou par courrier.<\/p><p>Nous nous r\u00e9jouissons de t'accueillir!<\/p><p><strong>Fux Visp AG<br \/>La Technique dans l\u2019acier, l\u2019aluminium et le verre<br \/><\/strong>Paulusheimstrasse 4<br \/>Postfach 188<br \/>3930 Visp<\/p><p><a href=\"\/fr\/m&\/#97;&#x69;&#x6c;t&#111;&#58;&#x69;&#x6e;f&#111;&#x40;&#x66;u&#120;&#118;&#x69;&#x73;p&#46;&#x63;&#x68;\">&#105;&#110;&#x66;o&#64;&#x66;&#x75;x&#118;&#x69;&#x73;p&#46;&#x63;&#x68;<\/a><br \/><a href=\"http:\/\/www.fuxvisp.ch\/fr\/\">www.fuxvisp.ch<\/a><\/p>\t\t\t\t\t\t\t\t<\/div>\n\t\t\t\t<\/div>\n\t\t\t\t\t<\/div>\n\t\t<\/div>\n\t\t\t\t\t<\/div>\n\t\t<\/section>\n\t\t\t\t<\/div>","protected":false},"excerpt":{"rendered":"<p>Wir suchen per sofort oder nach vereinbarung: Chefmonteur EFZ m\/w\/d 100% Zu Deinen t\u00e4glichen Aufgaben geh\u00f6ren: Selbst\u00e4ndiges Montieren von Metallbauteilen aller Art. Dazu geh\u00f6ren Fenster und T\u00fcren aus Stahl und Aluminium, Fassaden, Gel\u00e4nder und Treppen, Blechverkleidungen, saubere Ausf\u00fchrung von Fugen- und Folienabdichtungen, u.v.m Du leitest ein Team von 2-5 Monteuren Pl\u00e4ne und Zeichnungen lesen und [&hellip;]<\/p>\n","protected":false},"author":1,"featured_media":0,"parent":37,"menu_order":0,"comment_status":"closed","ping_status":"closed","template":"elementor_header_footer","meta":{"ocean_post_layout":"","ocean_both_sidebars_style":"","ocean_both_sidebars_content_width":0,"ocean_both_sidebars_sidebars_width":0,"ocean_sidebar":"0","ocean_second_sidebar":"0","ocean_disable_margins":"enable","ocean_add_body_class":"","ocean_shortcode_before_top_bar":"","ocean_shortcode_after_top_bar":"","ocean_shortcode_before_header":"","ocean_shortcode_after_header":"","ocean_has_shortcode":"","ocean_shortcode_after_title":"","ocean_shortcode_before_footer_widgets":"","ocean_shortcode_after_footer_widgets":"","ocean_shortcode_before_footer_bottom":"","ocean_shortcode_after_footer_bottom":"","ocean_display_top_bar":"default","ocean_display_header":"default","ocean_header_style":"","ocean_center_header_left_menu":"0","ocean_custom_header_template":"0","ocean_custom_logo":0,"ocean_custom_retina_logo":0,"ocean_custom_logo_max_width":0,"ocean_custom_logo_tablet_max_width":0,"ocean_custom_logo_mobile_max_width":0,"ocean_custom_logo_max_height":0,"ocean_custom_logo_tablet_max_height":0,"ocean_custom_logo_mobile_max_height":0,"ocean_header_custom_menu":"0","ocean_menu_typo_font_family":"0","ocean_menu_typo_font_subset":"","ocean_menu_typo_font_size":0,"ocean_menu_typo_font_size_tablet":0,"ocean_menu_typo_font_size_mobile":0,"ocean_menu_typo_font_size_unit":"px","ocean_menu_typo_font_weight":"","ocean_menu_typo_font_weight_tablet":"","ocean_menu_typo_font_weight_mobile":"","ocean_menu_typo_transform":"","ocean_menu_typo_transform_tablet":"","ocean_menu_typo_transform_mobile":"","ocean_menu_typo_line_height":0,"ocean_menu_typo_line_height_tablet":0,"ocean_menu_typo_line_height_mobile":0,"ocean_menu_typo_line_height_unit":"","ocean_menu_typo_spacing":0,"ocean_menu_typo_spacing_tablet":0,"ocean_menu_typo_spacing_mobile":0,"ocean_menu_typo_spacing_unit":"","ocean_menu_link_color":"","ocean_menu_link_color_hover":"","ocean_menu_link_color_active":"","ocean_menu_link_background":"","ocean_menu_link_hover_background":"","ocean_menu_link_active_background":"","ocean_menu_social_links_bg":"","ocean_menu_social_hover_links_bg":"","ocean_menu_social_links_color":"","ocean_menu_social_hover_links_color":"","ocean_disable_title":"on","ocean_disable_heading":"default","ocean_post_title":"","ocean_post_subheading":"","ocean_post_title_style":"","ocean_post_title_background_color":"","ocean_post_title_background":0,"ocean_post_title_bg_image_position":"","ocean_post_title_bg_image_attachment":"","ocean_post_title_bg_image_repeat":"","ocean_post_title_bg_image_size":"","ocean_post_title_height":0,"ocean_post_title_bg_overlay":0.5,"ocean_post_title_bg_overlay_color":"","ocean_disable_breadcrumbs":"default","ocean_breadcrumbs_color":"","ocean_breadcrumbs_separator_color":"","ocean_breadcrumbs_links_color":"","ocean_breadcrumbs_links_hover_color":"","ocean_display_footer_widgets":"default","ocean_display_footer_bottom":"default","ocean_custom_footer_template":"0","footnotes":""},"class_list":["post-640","page","type-page","status-publish","hentry","entry"],"_links":{"self":[{"href":"https:\/\/www.fuxvisp.ch\/fr\/wp-json\/wp\/v2\/pages\/640","targetHints":{"allow":["GET"]}}],"collection":[{"href":"https:\/\/www.fuxvisp.ch\/fr\/wp-json\/wp\/v2\/pages"}],"about":[{"href":"https:\/\/www.fuxvisp.ch\/fr\/wp-json\/wp\/v2\/types\/page"}],"author":[{"embeddable":true,"href":"https:\/\/www.fuxvisp.ch\/fr\/wp-json\/wp\/v2\/users\/1"}],"replies":[{"embeddable":true,"href":"https:\/\/www.fuxvisp.ch\/fr\/wp-json\/wp\/v2\/comments?post=640"}],"version-history":[{"count":29,"href":"https:\/\/www.fuxvisp.ch\/fr\/wp-json\/wp\/v2\/pages\/640\/revisions"}],"predecessor-version":[{"id":1003,"href":"https:\/\/www.fuxvisp.ch\/fr\/wp-json\/wp\/v2\/pages\/640\/revisions\/1003"}],"up":[{"embeddable":true,"href":"https:\/\/www.fuxvisp.ch\/fr\/wp-json\/wp\/v2\/pages\/37"}],"wp:attachment":[{"href":"https:\/\/www.fuxvisp.ch\/fr\/wp-json\/wp\/v2\/media?parent=640"}],"curies":[{"name":"wp","href":"https:\/\/api.w.org\/{rel}","templated":true}]}}