{"id":686,"date":"2022-10-10T16:00:04","date_gmt":"2022-10-10T16:00:04","guid":{"rendered":"https:\/\/www.fuxvisp.ch\/?page_id=686"},"modified":"2023-03-17T15:51:00","modified_gmt":"2023-03-17T15:51:00","slug":"projektleiter-in-metallbau-80-100","status":"publish","type":"page","link":"https:\/\/www.fuxvisp.ch\/fr\/jobs\/projektleiter-in-metallbau-80-100\/","title":{"rendered":"Projektleiter m\/w\/d  80-100%"},"content":{"rendered":"<div data-elementor-type=\"wp-page\" data-elementor-id=\"686\" class=\"elementor elementor-686\" data-elementor-post-type=\"page\">\n\t\t\t\t\t\t<section class=\"elementor-section elementor-top-section elementor-element elementor-element-4fd45235 elementor-section-full_width elementor-section-stretched elementor-section-height-default elementor-section-height-default\" data-id=\"4fd45235\" data-element_type=\"section\" data-e-type=\"section\" data-settings=\"{&quot;background_background&quot;:&quot;classic&quot;,&quot;stretch_section&quot;:&quot;section-stretched&quot;}\">\n\t\t\t\t\t\t<div class=\"elementor-container elementor-column-gap-default\">\n\t\t\t\t\t<div class=\"elementor-column elementor-col-100 elementor-top-column elementor-element elementor-element-5618262b\" data-id=\"5618262b\" data-element_type=\"column\" data-e-type=\"column\">\n\t\t\t<div class=\"elementor-widget-wrap elementor-element-populated\">\n\t\t\t\t\t\t<section class=\"elementor-section elementor-inner-section elementor-element elementor-element-6c66af93 elementor-section-boxed elementor-section-height-default elementor-section-height-default\" data-id=\"6c66af93\" data-element_type=\"section\" data-e-type=\"section\">\n\t\t\t\t\t\t<div class=\"elementor-container elementor-column-gap-default\">\n\t\t\t\t\t<div class=\"elementor-column elementor-col-100 elementor-inner-column elementor-element elementor-element-437e1cbc\" data-id=\"437e1cbc\" data-element_type=\"column\" data-e-type=\"column\">\n\t\t\t<div class=\"elementor-widget-wrap elementor-element-populated\">\n\t\t\t\t\t\t<div class=\"elementor-element elementor-element-2c62e5fa elementor-widget elementor-widget-heading\" data-id=\"2c62e5fa\" data-element_type=\"widget\" data-e-type=\"widget\" data-widget_type=\"heading.default\">\n\t\t\t\t<div class=\"elementor-widget-container\">\n\t\t\t\t\t<h2 class=\"elementor-heading-title elementor-size-default\">NOUS CHERCHONS DE SUITE OU \u00c0 CONVENIR:<\/h2>\t\t\t\t<\/div>\n\t\t\t\t<\/div>\n\t\t\t\t<div class=\"elementor-element elementor-element-45d4445c elementor-widget elementor-widget-heading\" data-id=\"45d4445c\" data-element_type=\"widget\" data-e-type=\"widget\" data-widget_type=\"heading.default\">\n\t\t\t\t<div class=\"elementor-widget-container\">\n\t\t\t\t\t<h2 class=\"elementor-heading-title elementor-size-default\">Projektleiter m\/w\/d  80-100%<\/h2>\t\t\t\t<\/div>\n\t\t\t\t<\/div>\n\t\t\t\t\t<\/div>\n\t\t<\/div>\n\t\t\t\t\t<\/div>\n\t\t<\/section>\n\t\t\t\t\t<\/div>\n\t\t<\/div>\n\t\t\t\t\t<\/div>\n\t\t<\/section>\n\t\t\t\t<section class=\"elementor-section elementor-top-section elementor-element elementor-element-311cce9a elementor-section-full_width elementor-section-height-min-height elementor-section-items-bottom elementor-section-stretched elementor-section-height-default\" data-id=\"311cce9a\" data-element_type=\"section\" data-e-type=\"section\" data-settings=\"{&quot;stretch_section&quot;:&quot;section-stretched&quot;,&quot;background_background&quot;:&quot;classic&quot;}\">\n\t\t\t\t\t\t<div class=\"elementor-container elementor-column-gap-default\">\n\t\t\t\t\t<div class=\"elementor-column elementor-col-100 elementor-top-column elementor-element elementor-element-76725c0d\" data-id=\"76725c0d\" data-element_type=\"column\" data-e-type=\"column\" data-settings=\"{&quot;background_background&quot;:&quot;classic&quot;}\">\n\t\t\t<div class=\"elementor-widget-wrap\">\n\t\t\t\t\t\t\t<\/div>\n\t\t<\/div>\n\t\t\t\t\t<\/div>\n\t\t<\/section>\n\t\t\t\t<section class=\"elementor-section elementor-top-section elementor-element elementor-element-5f1787df elementor-section-stretched elementor-section-boxed elementor-section-height-default elementor-section-height-default\" data-id=\"5f1787df\" data-element_type=\"section\" data-e-type=\"section\" id=\"produkte\" data-settings=\"{&quot;background_background&quot;:&quot;classic&quot;,&quot;stretch_section&quot;:&quot;section-stretched&quot;}\">\n\t\t\t\t\t\t\t<div class=\"elementor-background-overlay\"><\/div>\n\t\t\t\t\t\t\t<div class=\"elementor-container elementor-column-gap-default\">\n\t\t\t\t\t<div class=\"elementor-column elementor-col-100 elementor-top-column elementor-element elementor-element-42e66d5c\" data-id=\"42e66d5c\" data-element_type=\"column\" data-e-type=\"column\">\n\t\t\t<div class=\"elementor-widget-wrap elementor-element-populated\">\n\t\t\t\t\t\t<div class=\"elementor-element elementor-element-2979f27e elementor-widget elementor-widget-text-editor\" data-id=\"2979f27e\" data-element_type=\"widget\" data-e-type=\"widget\" data-widget_type=\"text-editor.default\">\n\t\t\t\t<div class=\"elementor-widget-container\">\n\t\t\t\t\t\t\t\t\t<p class=\"p1\"><span class=\"s1\"><b>Ton travail quotidien passionnant comprend des t\u00e2ches telles que:<\/b><\/span><\/p><ul><li class=\"li1\"><span class=\"s2\">Planifier de mani\u00e8re autonome et s'occuper de grosses commandes dans le domaine de la construction m\u00e9tallique et de fa\u00e7ades<\/span><\/li><li class=\"li1\"><span class=\"s2\">Elaboration de plans de construction et de documents de production<\/span><\/li><li class=\"li1\"><span class=\"s2\">Elaboration de solutions \u00e9conomiques d\u00e9taill\u00e9es<\/span><\/li><li class=\"li1\"><span class=\"s2\">Demandes et commandes de mat\u00e9riel aupr\u00e8s de fournisseurs nationaux et internationaux<\/span><\/li><li class=\"li1\"><span class=\"s2\">Clarifier les aspects techniques avec les clients, les architectes et les fournisseurs<\/span><\/li><\/ul><p class=\"p1\"><span class=\"s1\">La planification comprend : La lecture de l'appel d'offres ou de notre offre, la prise de mesures sur place, la planification d\u00e9taill\u00e9e, l'approvisionnement en mat\u00e9riaux, la n\u00e9gociation des prix avec les fournisseurs, la planification de l'ex\u00e9cution pour l'atelier et le montage, la r\u00e9ception des travaux, le contr\u00f4le des co\u00fbts et l'\u00e9tablissement des d\u00e9comptes.<\/span><\/p>\t\t\t\t\t\t\t\t<\/div>\n\t\t\t\t<\/div>\n\t\t\t\t<div class=\"elementor-element elementor-element-393acf1 elementor-widget elementor-widget-text-editor\" data-id=\"393acf1\" data-element_type=\"widget\" data-e-type=\"widget\" data-widget_type=\"text-editor.default\">\n\t\t\t\t<div class=\"elementor-widget-container\">\n\t\t\t\t\t\t\t\t\t<p><strong>Nos exigences \u00e0 ton \u00e9gard sont les suivantes:<\/strong><\/p><ul><li class=\"li1\"><span class=\"s2\">Formation de base de constructeur m\u00e9tallique ou de dessinateur-constructeur sur m\u00e9tal CFC<\/span><\/li><li class=\"li1\"><span class=\"s2\">Formation sup\u00e9rieure de dessinateur-constructeur sur m\u00e9tal FA, de technicien en construction m\u00e9tallique ou de ma\u00eetre constructeur m\u00e9tallique<\/span><\/li><li class=\"li1\"><span class=\"s2\">Tu te distingues par ton esprit d'entreprise et tes actions<\/span><\/li><li class=\"li1\"><span class=\"s2\">Tu es \u00e0 l'aise avec les clients, les architectes et les fournisseurs<\/span><\/li><li class=\"li1\"><span class=\"s2\">Tu es ind\u00e9pendant(e), r\u00e9sistant(e), flexible et motiv\u00e9(e)<\/span><\/li><li class=\"li1\"><span class=\"s2\">Tu es un joueur d'\u00e9quipe et un homme d'action(!)<\/span><\/li><\/ul>\t\t\t\t\t\t\t\t<\/div>\n\t\t\t\t<\/div>\n\t\t\t\t<div class=\"elementor-element elementor-element-ee5371d elementor-widget elementor-widget-text-editor\" data-id=\"ee5371d\" data-element_type=\"widget\" data-e-type=\"widget\" data-widget_type=\"text-editor.default\">\n\t\t\t\t<div class=\"elementor-widget-container\">\n\t\t\t\t\t\t\t\t\t<p class=\"p1\"><span class=\"s1\"><b>Nous t'offrons:<\/b><\/span><\/p><ul><li class=\"li1\"><span class=\"s2\">Des horaires de travail flexibles sur demande<\/span><\/li><li class=\"li1\"><span class=\"s2\">Une \u00e9quipe jeune et motiv\u00e9e<\/span><\/li><li class=\"li1\"><span class=\"s2\">Une r\u00e9mun\u00e9ration conforme au march\u00e9<\/span><\/li><li class=\"li1\"><span class=\"s2\">Une infrastructure moderne<\/span><\/li><li class=\"li1\"><span class=\"s2\">Des missions int\u00e9ressantes<\/span><\/li><li class=\"li1\"><span class=\"s2\">Possibilit\u00e9s de formation continue<\/span><\/li><\/ul>\t\t\t\t\t\t\t\t<\/div>\n\t\t\t\t<\/div>\n\t\t\t\t\t<\/div>\n\t\t<\/div>\n\t\t\t\t\t<\/div>\n\t\t<\/section>\n\t\t\t\t<section class=\"elementor-section elementor-top-section elementor-element elementor-element-495550bf elementor-section-stretched elementor-section-boxed elementor-section-height-default elementor-section-height-default\" data-id=\"495550bf\" data-element_type=\"section\" data-e-type=\"section\" data-settings=\"{&quot;stretch_section&quot;:&quot;section-stretched&quot;}\">\n\t\t\t\t\t\t<div class=\"elementor-container elementor-column-gap-default\">\n\t\t\t\t\t<div class=\"elementor-column elementor-col-100 elementor-top-column elementor-element elementor-element-2237ce73\" data-id=\"2237ce73\" data-element_type=\"column\" data-e-type=\"column\">\n\t\t\t<div class=\"elementor-widget-wrap elementor-element-populated\">\n\t\t\t\t\t\t<div class=\"elementor-element elementor-element-28f5bc9 elementor-widget elementor-widget-text-editor\" data-id=\"28f5bc9\" data-element_type=\"widget\" data-e-type=\"widget\" data-widget_type=\"text-editor.default\">\n\t\t\t\t<div class=\"elementor-widget-container\">\n\t\t\t\t\t\t\t\t\t<p><br \/>Tu es int\u00e9ress\u00e9(e)? Alors fais-nous parvenir ton dossier de candidature par e-mail ou par courrier.<\/p><p>Nous nous r\u00e9jouissons de t'accueillir!<\/p><p><strong>Fux Visp AG<br \/>La Technique dans l\u2019acier, l\u2019aluminium et le verre<br \/><\/strong>Paulusheimstrasse 4<br \/>Postfach 188<br \/>3930 Visp<\/p><p><a href=\"\/fr\/&\/#x6d;a&#x69;&#108;&#x74;&#111;:&#x69;&#110;&#x66;&#111;&#64;&#x66;&#117;&#x78;&#118;i&#x73;p&#x2e;&#99;&#x68;\">info&#64;f&#117;&#120;&#118;&#105;&#115;&#112;&#46;&#x63;&#x68;<\/a><br \/><a href=\"http:\/\/www.fuxvisp.ch\/fr\/\">www.fuxvisp.ch<\/a><\/p>\t\t\t\t\t\t\t\t<\/div>\n\t\t\t\t<\/div>\n\t\t\t\t\t<\/div>\n\t\t<\/div>\n\t\t\t\t\t<\/div>\n\t\t<\/section>\n\t\t\t\t<\/div>","protected":false},"excerpt":{"rendered":"<p>Wir suchen per sofort oder nach vereinbarung: Projektleiter m\/w\/d 80-100% Zu Deinem spannenden t\u00e4glichen Aufgabenbereich geh\u00f6ren Arbeiten wie: Selbst\u00e4ndiges planen betreuen von Grossauftr\u00e4gen im Metall- und Fassadenbau Erstellen von Konstruktionspl\u00e4nen und Produktionsunterlagen Erarbeiten von wirtschaftlichen Detaill\u00f6sungen Anfragen und Bestellungen von Material bei nationalen und internationalen Lieferanten Technische Abkl\u00e4rungen mit Kunden, Architekten und Lieferanten Die Planung [&hellip;]<\/p>\n","protected":false},"author":1,"featured_media":0,"parent":37,"menu_order":0,"comment_status":"closed","ping_status":"closed","template":"","meta":{"ocean_post_layout":"","ocean_both_sidebars_style":"","ocean_both_sidebars_content_width":0,"ocean_both_sidebars_sidebars_width":0,"ocean_sidebar":"0","ocean_second_sidebar":"0","ocean_disable_margins":"enable","ocean_add_body_class":"","ocean_shortcode_before_top_bar":"","ocean_shortcode_after_top_bar":"","ocean_shortcode_before_header":"","ocean_shortcode_after_header":"","ocean_has_shortcode":"","ocean_shortcode_after_title":"","ocean_shortcode_before_footer_widgets":"","ocean_shortcode_after_footer_widgets":"","ocean_shortcode_before_footer_bottom":"","ocean_shortcode_after_footer_bottom":"","ocean_display_top_bar":"default","ocean_display_header":"default","ocean_header_style":"","ocean_center_header_left_menu":"0","ocean_custom_header_template":"0","ocean_custom_logo":0,"ocean_custom_retina_logo":0,"ocean_custom_logo_max_width":0,"ocean_custom_logo_tablet_max_width":0,"ocean_custom_logo_mobile_max_width":0,"ocean_custom_logo_max_height":0,"ocean_custom_logo_tablet_max_height":0,"ocean_custom_logo_mobile_max_height":0,"ocean_header_custom_menu":"0","ocean_menu_typo_font_family":"0","ocean_menu_typo_font_subset":"","ocean_menu_typo_font_size":0,"ocean_menu_typo_font_size_tablet":0,"ocean_menu_typo_font_size_mobile":0,"ocean_menu_typo_font_size_unit":"px","ocean_menu_typo_font_weight":"","ocean_menu_typo_font_weight_tablet":"","ocean_menu_typo_font_weight_mobile":"","ocean_menu_typo_transform":"","ocean_menu_typo_transform_tablet":"","ocean_menu_typo_transform_mobile":"","ocean_menu_typo_line_height":0,"ocean_menu_typo_line_height_tablet":0,"ocean_menu_typo_line_height_mobile":0,"ocean_menu_typo_line_height_unit":"","ocean_menu_typo_spacing":0,"ocean_menu_typo_spacing_tablet":0,"ocean_menu_typo_spacing_mobile":0,"ocean_menu_typo_spacing_unit":"","ocean_menu_link_color":"","ocean_menu_link_color_hover":"","ocean_menu_link_color_active":"","ocean_menu_link_background":"","ocean_menu_link_hover_background":"","ocean_menu_link_active_background":"","ocean_menu_social_links_bg":"","ocean_menu_social_hover_links_bg":"","ocean_menu_social_links_color":"","ocean_menu_social_hover_links_color":"","ocean_disable_title":"on","ocean_disable_heading":"default","ocean_post_title":"","ocean_post_subheading":"","ocean_post_title_style":"","ocean_post_title_background_color":"","ocean_post_title_background":0,"ocean_post_title_bg_image_position":"","ocean_post_title_bg_image_attachment":"","ocean_post_title_bg_image_repeat":"","ocean_post_title_bg_image_size":"","ocean_post_title_height":0,"ocean_post_title_bg_overlay":0.5,"ocean_post_title_bg_overlay_color":"","ocean_disable_breadcrumbs":"default","ocean_breadcrumbs_color":"","ocean_breadcrumbs_separator_color":"","ocean_breadcrumbs_links_color":"","ocean_breadcrumbs_links_hover_color":"","ocean_display_footer_widgets":"default","ocean_display_footer_bottom":"default","ocean_custom_footer_template":"0","footnotes":""},"class_list":["post-686","page","type-page","status-publish","hentry","entry"],"_links":{"self":[{"href":"https:\/\/www.fuxvisp.ch\/fr\/wp-json\/wp\/v2\/pages\/686","targetHints":{"allow":["GET"]}}],"collection":[{"href":"https:\/\/www.fuxvisp.ch\/fr\/wp-json\/wp\/v2\/pages"}],"about":[{"href":"https:\/\/www.fuxvisp.ch\/fr\/wp-json\/wp\/v2\/types\/page"}],"author":[{"embeddable":true,"href":"https:\/\/www.fuxvisp.ch\/fr\/wp-json\/wp\/v2\/users\/1"}],"replies":[{"embeddable":true,"href":"https:\/\/www.fuxvisp.ch\/fr\/wp-json\/wp\/v2\/comments?post=686"}],"version-history":[{"count":12,"href":"https:\/\/www.fuxvisp.ch\/fr\/wp-json\/wp\/v2\/pages\/686\/revisions"}],"predecessor-version":[{"id":1006,"href":"https:\/\/www.fuxvisp.ch\/fr\/wp-json\/wp\/v2\/pages\/686\/revisions\/1006"}],"up":[{"embeddable":true,"href":"https:\/\/www.fuxvisp.ch\/fr\/wp-json\/wp\/v2\/pages\/37"}],"wp:attachment":[{"href":"https:\/\/www.fuxvisp.ch\/fr\/wp-json\/wp\/v2\/media?parent=686"}],"curies":[{"name":"wp","href":"https:\/\/api.w.org\/{rel}","templated":true}]}}